{"id":107,"date":"2020-06-01T15:56:25","date_gmt":"2020-06-01T13:56:25","guid":{"rendered":"https:\/\/bc-gandersheim.de\/?page_id=107"},"modified":"2026-03-25T17:54:12","modified_gmt":"2026-03-25T16:54:12","slug":"ausbildungstermine","status":"publish","type":"page","link":"https:\/\/bc-gandersheim.de\/?page_id=107","title":{"rendered":"Ausbildungstermine"},"content":{"rendered":"\n<p class=\"has-text-align-center has-large-font-size\"><strong>Die Ausbildungstage sind  Samstags !        <\/strong><\/p>\n\n\n\n<p class=\"has-text-align-center has-large-font-size\"><strong>Um einen reibungslosen Ablauf der Ausbildung gew\u00e4hrleisten zu k\u00f6nnen , sind folgende Zeiten  seitens der Teilnehmer einzuhalten:<\/strong><\/p>\n\n\n\n<div class=\"wp-block-group\"><div class=\"wp-block-group__inner-container is-layout-flow wp-block-group-is-layout-flow\">\n<p class=\"has-normal-font-size\"><strong><span class=\"has-inline-color\" style=\"color:#fb2b2b\">Durchgang 1 Vormittags<\/span><\/strong><br><strong>Beginn der Einweisung : 07.30 Uhr<\/strong><br><strong>Beginn des Durchgangs ist um 08.00 Uhr bis 10.00 Uhr<\/strong><br><strong><span class=\"has-inline-color\" style=\"color:#fb3535\">Durchgang 2 Vormittags<\/span><\/strong><br><strong>Beginn der Einweisung : 09.30 Uhr<\/strong><br><strong>Beginn des Durchgangs ist um 10.00 Uhr bis 12.00 Uhr<\/strong><br><strong><strong><span class=\"has-inline-color\" style=\"color:#fb3535\">Durchgang 3 Nachmittag<\/span><\/strong><\/strong><br><strong><strong>Beginn der Einweisung : 12.30 Uhr<\/strong><\/strong><br><strong><strong>Beginn des Durchgangs ist um 13.00 Uhr bis 14.00 Uhr<\/strong><\/strong><br><strong><strong><span class=\"has-inline-color\" style=\"color:#fd2b2b\">Durchgang 4 Nachmittags<\/span><\/strong><\/strong><br><strong><strong>Beginn der Einweisung : 14.30 Uhr<\/strong><\/strong><br><strong><strong>Beginn des Durchgangs ist um 15.00 Uhr bis 17.00 Uhr<\/strong><\/strong><br><\/p>\n\n\n\n<p class=\"has-text-align-center has-normal-font-size\"><strong>Die Einweisung kann aber auch einmalig f\u00fcr die \u00fcbenden Teilnehmer um 07.30 Uhr erfolgen <\/strong>!<\/p>\n\n\n\n<p class=\"has-text-align-center\"><strong>Die Mittagspause &amp; Wechsel f\u00fcr das Leitungs-\/ Trainerpersonal     ist von 12.00 Uhr bis 13.00 Uhr<\/strong><\/p>\n<\/div><\/div>\n\n\n\n<p class=\"has-text-align-center\"><\/p>\n\n\n\n<p class=\"has-text-align-center\"><strong>Die Maximale-Teilnehmerzahl pro Durchgang betr\u00e4gt 8 Kameraden\/-innen.<br>An einem Ausbildungstag k\u00f6nnen Durchg\u00e4nge mit weniger <strong>Kameraden\/innen<\/strong><\/strong> <strong>belegt werden. Der Termin sollte aber unmittelbar vor oder nach einer gebuchten Gruppe liegen.<br>Freie Pl\u00e4tze k\u00f6nnen bei geplanten Durchg\u00e4ngen mit <strong>Kameraden\/innen<\/strong> anderer Feuerwehren aufgef\u00fcllt werden<\/strong>.<\/p>\n\n\n\n<h2 class=\"wp-block-heading has-text-align-center\" id=\"termine-2022\">Termine 2026<\/h2>\n\n\n\n<figure class=\"wp-block-table alignwide is-style-stripes\"><table class=\"has-fixed-layout\"><tbody><tr><td class=\"has-text-align-center\" data-align=\"center\">Datum<\/td><td class=\"has-text-align-center\" data-align=\"center\">Durchgang<\/td><td>Teilnehmer<\/td><td class=\"has-text-align-center\" data-align=\"center\">Modul<\/td><\/tr><tr><td class=\"has-text-align-center\" data-align=\"center\">21.03.26<\/td><td class=\"has-text-align-center\" data-align=\"center\">1<\/td><td><\/td><td class=\"has-text-align-center\" data-align=\"center\"><\/td><\/tr><tr><td class=\"has-text-align-center\" data-align=\"center\"><\/td><td class=\"has-text-align-center\" data-align=\"center\">2<\/td><td><\/td><td class=\"has-text-align-center\" data-align=\"center\"><\/td><\/tr><tr><td class=\"has-text-align-center\" data-align=\"center\"><\/td><td class=\"has-text-align-center\" data-align=\"center\">3<\/td><td><\/td><td class=\"has-text-align-center\" data-align=\"center\"><\/td><\/tr><tr><td class=\"has-text-align-center\" data-align=\"center\"><\/td><td class=\"has-text-align-center\" data-align=\"center\">4<\/td><td><\/td><td class=\"has-text-align-center\" data-align=\"center\"><\/td><\/tr><\/tbody><\/table><\/figure>\n\n\n\n<figure class=\"wp-block-table alignwide is-style-stripes\"><table class=\"has-fixed-layout\"><tbody><tr><td class=\"has-text-align-center\" data-align=\"center\">Datum<\/td><td class=\"has-text-align-center\" data-align=\"center\">Durchgang<\/td><td>Teilnehmer<\/td><td class=\"has-text-align-center\" data-align=\"center\">Modul<\/td><\/tr><tr><td class=\"has-text-align-center\" data-align=\"center\">28.03.26<\/td><td class=\"has-text-align-center\" data-align=\"center\">1<\/td><td>Fw. Bornhausen<\/td><td class=\"has-text-align-center\" data-align=\"center\">2<\/td><\/tr><tr><td class=\"has-text-align-center\" data-align=\"center\"><\/td><td class=\"has-text-align-center\" data-align=\"center\">2<\/td><td><\/td><td class=\"has-text-align-center\" data-align=\"center\"><\/td><\/tr><tr><td class=\"has-text-align-center\" data-align=\"center\"><\/td><td class=\"has-text-align-center\" data-align=\"center\">3<\/td><td><\/td><td class=\"has-text-align-center\" data-align=\"center\"><\/td><\/tr><tr><td class=\"has-text-align-center\" data-align=\"center\"><\/td><td class=\"has-text-align-center\" data-align=\"center\">4<\/td><td><\/td><td class=\"has-text-align-center\" data-align=\"center\"><\/td><\/tr><\/tbody><\/table><\/figure>\n\n\n\n<figure class=\"wp-block-table alignwide is-style-stripes\"><table class=\"has-fixed-layout\"><tbody><tr><td class=\"has-text-align-center\" data-align=\"center\">Datum<\/td><td class=\"has-text-align-center\" data-align=\"center\">Durchgang<\/td><td>Teilnehmer<\/td><td class=\"has-text-align-center\" data-align=\"center\">Modul<\/td><\/tr><tr><td class=\"has-text-align-center\" data-align=\"center\">11.04.26<\/td><td class=\"has-text-align-center\" data-align=\"center\">1<\/td><td>AGT-Lehrgang Tag 4<\/td><td class=\"has-text-align-center\" data-align=\"center\"><\/td><\/tr><tr><td class=\"has-text-align-center\" data-align=\"center\"><\/td><td class=\"has-text-align-center\" data-align=\"center\">2<\/td><td>AGT-Lehrgang Tag 4<\/td><td class=\"has-text-align-center\" data-align=\"center\"><\/td><\/tr><tr><td class=\"has-text-align-center\" data-align=\"center\"><\/td><td class=\"has-text-align-center\" data-align=\"center\">3<\/td><td>AGT-Lehrgang Tag 4<\/td><td class=\"has-text-align-center\" data-align=\"center\"><\/td><\/tr><tr><td class=\"has-text-align-center\" data-align=\"center\"><\/td><td class=\"has-text-align-center\" data-align=\"center\">4<\/td><td>AGT-Lehrgang Tag 4<\/td><td class=\"has-text-align-center\" data-align=\"center\"><\/td><\/tr><\/tbody><\/table><\/figure>\n\n\n\n<figure class=\"wp-block-table alignwide is-style-stripes\"><table class=\"has-fixed-layout\"><tbody><tr><td class=\"has-text-align-center\" data-align=\"center\">Datum<\/td><td class=\"has-text-align-center\" data-align=\"center\">Durchgang<\/td><td>Teilnehmer<\/td><td class=\"has-text-align-center\" data-align=\"center\">Modul<\/td><\/tr><tr><td class=\"has-text-align-center\" data-align=\"center\">18.04.26<\/td><td class=\"has-text-align-center\" data-align=\"center\">1<\/td><td>SG Eschershausen-Satdoldendorf<\/td><td class=\"has-text-align-center\" data-align=\"center\">1<\/td><\/tr><tr><td class=\"has-text-align-center\" data-align=\"center\"><\/td><td class=\"has-text-align-center\" data-align=\"center\">2<\/td><td>Fw. Delligsen<\/td><td class=\"has-text-align-center\" data-align=\"center\">1<\/td><\/tr><tr><td class=\"has-text-align-center\" data-align=\"center\"><\/td><td class=\"has-text-align-center\" data-align=\"center\">3<\/td><td>Fw. Moringen<\/td><td class=\"has-text-align-center\" data-align=\"center\">1<\/td><\/tr><tr><td class=\"has-text-align-center\" data-align=\"center\"><\/td><td class=\"has-text-align-center\" data-align=\"center\">4<\/td><td>Fw. Moringen<\/td><td class=\"has-text-align-center\" data-align=\"center\">1<\/td><\/tr><\/tbody><\/table><\/figure>\n\n\n\n<figure class=\"wp-block-table alignwide is-style-stripes\"><table class=\"has-fixed-layout\"><tbody><tr><td class=\"has-text-align-center\" data-align=\"center\">Datum<\/td><td class=\"has-text-align-center\" data-align=\"center\">Durchgang<\/td><td>Teilnehmer<\/td><td class=\"has-text-align-center\" data-align=\"center\">Modul<\/td><\/tr><tr><td class=\"has-text-align-center\" data-align=\"center\">25.04.26<\/td><td class=\"has-text-align-center\" data-align=\"center\">1<\/td><td>Fw. Hattorf<\/td><td class=\"has-text-align-center\" data-align=\"center\">1<\/td><\/tr><tr><td class=\"has-text-align-center\" data-align=\"center\"><\/td><td class=\"has-text-align-center\" data-align=\"center\">2<\/td><td>Fw. Hattorf<\/td><td class=\"has-text-align-center\" data-align=\"center\">2<\/td><\/tr><tr><td class=\"has-text-align-center\" data-align=\"center\"><\/td><td class=\"has-text-align-center\" data-align=\"center\">3<\/td><td>Gem. Katlenburg-Lindau<\/td><td class=\"has-text-align-center\" data-align=\"center\">1<\/td><\/tr><tr><td class=\"has-text-align-center\" data-align=\"center\"><\/td><td class=\"has-text-align-center\" data-align=\"center\">4<\/td><td><\/td><td class=\"has-text-align-center\" data-align=\"center\"><\/td><\/tr><\/tbody><\/table><\/figure>\n\n\n\n<figure class=\"wp-block-table alignwide is-style-stripes\"><table class=\"has-fixed-layout\"><tbody><tr><td class=\"has-text-align-center\" data-align=\"center\">Datum<\/td><td class=\"has-text-align-center\" data-align=\"center\">Durchgang<\/td><td>Teilnehmer<\/td><td class=\"has-text-align-center\" data-align=\"center\">Modul<\/td><\/tr><tr><td class=\"has-text-align-center\" data-align=\"center\">09.05.26<\/td><td class=\"has-text-align-center\" data-align=\"center\">1<\/td><td>AGT-Lehrgang Tag 4<\/td><td class=\"has-text-align-center\" data-align=\"center\"><\/td><\/tr><tr><td class=\"has-text-align-center\" data-align=\"center\"><\/td><td class=\"has-text-align-center\" data-align=\"center\">2<\/td><td>AGT-Lehrgang Tag 4<\/td><td class=\"has-text-align-center\" data-align=\"center\"><\/td><\/tr><tr><td class=\"has-text-align-center\" data-align=\"center\"><\/td><td class=\"has-text-align-center\" data-align=\"center\">3<\/td><td>AGT-Lehrgang Tag 4<\/td><td class=\"has-text-align-center\" data-align=\"center\"><\/td><\/tr><tr><td class=\"has-text-align-center\" data-align=\"center\"><\/td><td class=\"has-text-align-center\" data-align=\"center\">4<\/td><td>AGT-Lehrgang Tag 4<\/td><td class=\"has-text-align-center\" data-align=\"center\"><\/td><\/tr><\/tbody><\/table><\/figure>\n\n\n\n<figure class=\"wp-block-table alignwide is-style-stripes\"><table class=\"has-fixed-layout\"><tbody><tr><td class=\"has-text-align-center\" data-align=\"center\">Datum<\/td><td class=\"has-text-align-center\" data-align=\"center\">Durchgang<\/td><td>Teilnehmer<\/td><td class=\"has-text-align-center\" data-align=\"center\">Modul<\/td><\/tr><tr><td class=\"has-text-align-center\" data-align=\"center\">30.05.26<\/td><td class=\"has-text-align-center\" data-align=\"center\">1<\/td><td>Fw. Sehnde<\/td><td class=\"has-text-align-center\" data-align=\"center\">1<\/td><\/tr><tr><td class=\"has-text-align-center\" data-align=\"center\"><\/td><td class=\"has-text-align-center\" data-align=\"center\">2<\/td><td>Fw. Sehnde<\/td><td class=\"has-text-align-center\" data-align=\"center\">1<\/td><\/tr><tr><td class=\"has-text-align-center\" data-align=\"center\"><\/td><td class=\"has-text-align-center\" data-align=\"center\">3<\/td><td>Fw. Hohenhameln<\/td><td class=\"has-text-align-center\" data-align=\"center\">1<\/td><\/tr><tr><td class=\"has-text-align-center\" data-align=\"center\"><\/td><td class=\"has-text-align-center\" data-align=\"center\">4<\/td><td>Fw. Walkenried<\/td><td class=\"has-text-align-center\" data-align=\"center\">1<\/td><\/tr><\/tbody><\/table><\/figure>\n\n\n\n<figure class=\"wp-block-table alignwide is-style-stripes\"><table class=\"has-fixed-layout\"><tbody><tr><td class=\"has-text-align-center\" data-align=\"center\">Datum<\/td><td class=\"has-text-align-center\" data-align=\"center\">Durchgang<\/td><td>Teilnehmer<\/td><td class=\"has-text-align-center\" data-align=\"center\">Modul<\/td><\/tr><tr><td class=\"has-text-align-center\" data-align=\"center\">06.06.26<\/td><td class=\"has-text-align-center\" data-align=\"center\">1<\/td><td>AGT-Lehrgang Tag 4<\/td><td class=\"has-text-align-center\" data-align=\"center\"><\/td><\/tr><tr><td class=\"has-text-align-center\" data-align=\"center\"><\/td><td class=\"has-text-align-center\" data-align=\"center\">2<\/td><td>AGT-Lehrgang Tag 4<\/td><td class=\"has-text-align-center\" data-align=\"center\"><\/td><\/tr><tr><td class=\"has-text-align-center\" data-align=\"center\"><\/td><td class=\"has-text-align-center\" data-align=\"center\">3<\/td><td>AGT-Lehrgang Tag 4<\/td><td class=\"has-text-align-center\" data-align=\"center\"><\/td><\/tr><tr><td class=\"has-text-align-center\" data-align=\"center\"><\/td><td class=\"has-text-align-center\" data-align=\"center\">4<\/td><td>AGT-Lehrgang Tag 4<\/td><td class=\"has-text-align-center\" data-align=\"center\"><\/td><\/tr><\/tbody><\/table><\/figure>\n\n\n\n<figure class=\"wp-block-table alignwide is-style-stripes\"><table class=\"has-fixed-layout\"><tbody><tr><td class=\"has-text-align-center\" data-align=\"center\">Datum<\/td><td class=\"has-text-align-center\" data-align=\"center\">Durchgang<\/td><td>Teilnehmer<\/td><td class=\"has-text-align-center\" data-align=\"center\">Modul<\/td><\/tr><tr><td class=\"has-text-align-center\" data-align=\"center\">13.06.26<\/td><td class=\"has-text-align-center\" data-align=\"center\">1<\/td><td>Fw. Sehnde<\/td><td class=\"has-text-align-center\" data-align=\"center\">1<\/td><\/tr><tr><td class=\"has-text-align-center\" data-align=\"center\"><\/td><td class=\"has-text-align-center\" data-align=\"center\">2<\/td><td>Fw. Sehnde<\/td><td class=\"has-text-align-center\" data-align=\"center\">1<\/td><\/tr><tr><td class=\"has-text-align-center\" data-align=\"center\"><\/td><td class=\"has-text-align-center\" data-align=\"center\">3<\/td><td>Fw. Bodenwerder-Polle<\/td><td class=\"has-text-align-center\" data-align=\"center\"><\/td><\/tr><tr><td class=\"has-text-align-center\" data-align=\"center\"><\/td><td class=\"has-text-align-center\" data-align=\"center\">4<\/td><td>Fw. Bodenwerder-Polle<\/td><td class=\"has-text-align-center\" data-align=\"center\">1<\/td><\/tr><\/tbody><\/table><\/figure>\n\n\n\n<figure class=\"wp-block-table alignwide is-style-stripes\"><table class=\"has-fixed-layout\"><tbody><tr><td class=\"has-text-align-center\" data-align=\"center\">Datum<\/td><td class=\"has-text-align-center\" data-align=\"center\">Durchgang<\/td><td>Teilnehmer<\/td><td class=\"has-text-align-center\" data-align=\"center\">Modul<\/td><\/tr><tr><td class=\"has-text-align-center\" data-align=\"center\">27.06.26<\/td><td class=\"has-text-align-center\" data-align=\"center\">1<\/td><td>SG Eschershausen-Satdoldendorf<\/td><td class=\"has-text-align-center\" data-align=\"center\">1<\/td><\/tr><tr><td class=\"has-text-align-center\" data-align=\"center\"><\/td><td class=\"has-text-align-center\" data-align=\"center\">2<\/td><td>Fw. Delligsen<\/td><td class=\"has-text-align-center\" data-align=\"center\">1<\/td><\/tr><tr><td class=\"has-text-align-center\" data-align=\"center\"><\/td><td class=\"has-text-align-center\" data-align=\"center\">3<\/td><td>Fw. Delligsen<\/td><td class=\"has-text-align-center\" data-align=\"center\">2<\/td><\/tr><tr><td class=\"has-text-align-center\" data-align=\"center\"><\/td><td class=\"has-text-align-center\" data-align=\"center\">4<\/td><td>Fw. Walkenried<\/td><td class=\"has-text-align-center\" data-align=\"center\">1<\/td><\/tr><\/tbody><\/table><\/figure>\n\n\n\n<p class=\"has-text-align-center\">Sommerpause<\/p>\n\n\n\n<figure class=\"wp-block-table alignwide is-style-stripes\"><table class=\"has-fixed-layout\"><tbody><tr><td class=\"has-text-align-center\" data-align=\"center\">Datum<\/td><td class=\"has-text-align-center\" data-align=\"center\">Durchgang<\/td><td>Teilnehmer<\/td><td class=\"has-text-align-center\" data-align=\"center\">Modul<\/td><\/tr><tr><td class=\"has-text-align-center\" data-align=\"center\">29.08.26<\/td><td class=\"has-text-align-center\" data-align=\"center\">1<\/td><td>Fw. Bornhausen<\/td><td class=\"has-text-align-center\" data-align=\"center\">2<\/td><\/tr><tr><td class=\"has-text-align-center\" data-align=\"center\"><\/td><td class=\"has-text-align-center\" data-align=\"center\">2<\/td><td>Fw. Walkenried<\/td><td class=\"has-text-align-center\" data-align=\"center\">1<\/td><\/tr><tr><td class=\"has-text-align-center\" data-align=\"center\"><\/td><td class=\"has-text-align-center\" data-align=\"center\">3<\/td><td>Fw. Bodenwerder-Polle<\/td><td class=\"has-text-align-center\" data-align=\"center\"><\/td><\/tr><tr><td class=\"has-text-align-center\" data-align=\"center\"><\/td><td class=\"has-text-align-center\" data-align=\"center\">4<\/td><td>Fw. Bodenwerder-Polle<\/td><td class=\"has-text-align-center\" data-align=\"center\">1<\/td><\/tr><\/tbody><\/table><\/figure>\n\n\n\n<figure class=\"wp-block-table alignwide is-style-stripes\"><table class=\"has-fixed-layout\"><tbody><tr><td class=\"has-text-align-center\" data-align=\"center\">Datum<\/td><td class=\"has-text-align-center\" data-align=\"center\">Durchgang<\/td><td>Teilnehmer<\/td><td class=\"has-text-align-center\" data-align=\"center\">Modul<\/td><\/tr><tr><td class=\"has-text-align-center\" data-align=\"center\">19.09.26<\/td><td class=\"has-text-align-center\" data-align=\"center\">1<\/td><td>AGT-Lehrgang Tag 4<\/td><td class=\"has-text-align-center\" data-align=\"center\"><\/td><\/tr><tr><td class=\"has-text-align-center\" data-align=\"center\"><\/td><td class=\"has-text-align-center\" data-align=\"center\">2<\/td><td>AGT-Lehrgang Tag 4<\/td><td class=\"has-text-align-center\" data-align=\"center\"><\/td><\/tr><tr><td class=\"has-text-align-center\" data-align=\"center\"><\/td><td class=\"has-text-align-center\" data-align=\"center\">3<\/td><td>AGT-Lehrgang Tag 4<\/td><td class=\"has-text-align-center\" data-align=\"center\"><\/td><\/tr><tr><td class=\"has-text-align-center\" data-align=\"center\"><\/td><td class=\"has-text-align-center\" data-align=\"center\">4<\/td><td>AGT-Lehrgang Tag 4<\/td><td class=\"has-text-align-center\" data-align=\"center\"><\/td><\/tr><\/tbody><\/table><\/figure>\n\n\n\n<figure class=\"wp-block-table alignwide is-style-stripes\"><table class=\"has-fixed-layout\"><tbody><tr><td class=\"has-text-align-center\" data-align=\"center\">Datum<\/td><td class=\"has-text-align-center\" data-align=\"center\">Durchgang<\/td><td>Teilnehmer<\/td><td class=\"has-text-align-center\" data-align=\"center\">Modul<\/td><\/tr><tr><td class=\"has-text-align-center\" data-align=\"center\">17.10.26<\/td><td class=\"has-text-align-center\" data-align=\"center\">1<\/td><td>Fw. Bad Grund<\/td><td class=\"has-text-align-center\" data-align=\"center\">1<\/td><\/tr><tr><td class=\"has-text-align-center\" data-align=\"center\"><\/td><td class=\"has-text-align-center\" data-align=\"center\">2<\/td><td>Fw. Bad Grund<\/td><td class=\"has-text-align-center\" data-align=\"center\">1<\/td><\/tr><tr><td class=\"has-text-align-center\" data-align=\"center\"><\/td><td class=\"has-text-align-center\" data-align=\"center\">3<\/td><td>Fw. Bad Grund<\/td><td class=\"has-text-align-center\" data-align=\"center\">1<\/td><\/tr><tr><td class=\"has-text-align-center\" data-align=\"center\"><\/td><td class=\"has-text-align-center\" data-align=\"center\">4<\/td><td>Fw. Bad Grund<\/td><td class=\"has-text-align-center\" data-align=\"center\">1<\/td><\/tr><\/tbody><\/table><\/figure>\n\n\n\n<figure class=\"wp-block-table alignwide is-style-stripes\"><table class=\"has-fixed-layout\"><tbody><tr><td class=\"has-text-align-center\" data-align=\"center\">Datum<\/td><td class=\"has-text-align-center\" data-align=\"center\">Durchgang<\/td><td>Teilnehmer<\/td><td class=\"has-text-align-center\" data-align=\"center\">Modul<\/td><\/tr><tr><td class=\"has-text-align-center\" data-align=\"center\">24.10.26<\/td><td class=\"has-text-align-center\" data-align=\"center\">1<\/td><td>AGT-Lehrgang Tag 4<\/td><td class=\"has-text-align-center\" data-align=\"center\"><\/td><\/tr><tr><td class=\"has-text-align-center\" data-align=\"center\"><\/td><td class=\"has-text-align-center\" data-align=\"center\">2<\/td><td>AGT-Lehrgang Tag 4<\/td><td class=\"has-text-align-center\" data-align=\"center\"><\/td><\/tr><tr><td class=\"has-text-align-center\" data-align=\"center\"><\/td><td class=\"has-text-align-center\" data-align=\"center\">3<\/td><td>AGT-Lehrgang Tag 4<\/td><td class=\"has-text-align-center\" data-align=\"center\"><\/td><\/tr><tr><td class=\"has-text-align-center\" data-align=\"center\"><\/td><td class=\"has-text-align-center\" data-align=\"center\">4<\/td><td>AGT-Lehrgang Tag 4<\/td><td class=\"has-text-align-center\" data-align=\"center\"><\/td><\/tr><\/tbody><\/table><\/figure>\n\n\n\n<figure class=\"wp-block-table alignwide is-style-stripes\"><table class=\"has-fixed-layout\"><tbody><tr><td class=\"has-text-align-center\" data-align=\"center\">Datum<\/td><td class=\"has-text-align-center\" data-align=\"center\">Durchgang<\/td><td>Teilnehmer<\/td><td class=\"has-text-align-center\" data-align=\"center\">Modul<\/td><\/tr><tr><td class=\"has-text-align-center\" data-align=\"center\">14.11.26<\/td><td class=\"has-text-align-center\" data-align=\"center\">1<\/td><td>AGT-Lehrgang Tag 4<\/td><td class=\"has-text-align-center\" data-align=\"center\"><\/td><\/tr><tr><td class=\"has-text-align-center\" data-align=\"center\"><\/td><td class=\"has-text-align-center\" data-align=\"center\">2<\/td><td>AGT-Lehrgang Tag 4<\/td><td class=\"has-text-align-center\" data-align=\"center\"><\/td><\/tr><tr><td class=\"has-text-align-center\" data-align=\"center\"><\/td><td class=\"has-text-align-center\" data-align=\"center\">3<\/td><td>AGT-Lehrgang Tag 4<\/td><td class=\"has-text-align-center\" data-align=\"center\"><\/td><\/tr><tr><td class=\"has-text-align-center\" data-align=\"center\"><\/td><td class=\"has-text-align-center\" data-align=\"center\">4<\/td><td>AGT-Lehrgang Tag 4<\/td><td class=\"has-text-align-center\" data-align=\"center\"><\/td><\/tr><\/tbody><\/table><\/figure>\n\n\n\n<figure class=\"wp-block-table alignwide is-style-stripes\"><table class=\"has-fixed-layout\"><tbody><tr><td class=\"has-text-align-center\" data-align=\"center\">Datum<\/td><td class=\"has-text-align-center\" data-align=\"center\">Durchgang<\/td><td>Teilnehmer<\/td><td class=\"has-text-align-center\" data-align=\"center\">Modul<\/td><\/tr><tr><td class=\"has-text-align-center\" data-align=\"center\">21.11.26<\/td><td class=\"has-text-align-center\" data-align=\"center\">1<\/td><td>Gem. Katlenburg-Lindau<\/td><td class=\"has-text-align-center\" data-align=\"center\">1<\/td><\/tr><tr><td class=\"has-text-align-center\" data-align=\"center\"><\/td><td class=\"has-text-align-center\" data-align=\"center\">2<\/td><td>Gem. Katlenburg-Lindau<\/td><td class=\"has-text-align-center\" data-align=\"center\">1<\/td><\/tr><tr><td class=\"has-text-align-center\" data-align=\"center\"><\/td><td class=\"has-text-align-center\" data-align=\"center\">3<\/td><td>Fw. Dransfeld<\/td><td class=\"has-text-align-center\" data-align=\"center\">1<\/td><\/tr><tr><td class=\"has-text-align-center\" data-align=\"center\"><\/td><td class=\"has-text-align-center\" data-align=\"center\">4<\/td><td>Fw. Dransfeld<\/td><td class=\"has-text-align-center\" data-align=\"center\">1<\/td><\/tr><\/tbody><\/table><\/figure>\n\n\n\n<p><\/p>\n","protected":false},"excerpt":{"rendered":"<p>Die Ausbildungstage sind Samstags ! Um einen reibungslosen Ablauf der Ausbildung gew\u00e4hrleisten zu k\u00f6nnen , sind folgende Zeiten seitens der Teilnehmer einzuhalten: Durchgang 1 VormittagsBeginn der Einweisung : 07.30 UhrBeginn des Durchgangs ist um 08.00 Uhr bis 10.00 UhrDurchgang 2 VormittagsBeginn der Einweisung : 09.30 UhrBeginn des Durchgangs ist um 10.00 Uhr bis 12.00 UhrDurchgang [&hellip;]<\/p>\n","protected":false},"author":2,"featured_media":0,"parent":0,"menu_order":0,"comment_status":"closed","ping_status":"closed","template":"","meta":{"footnotes":""},"class_list":["post-107","page","type-page","status-publish","hentry"],"_links":{"self":[{"href":"https:\/\/bc-gandersheim.de\/index.php?rest_route=\/wp\/v2\/pages\/107","targetHints":{"allow":["GET"]}}],"collection":[{"href":"https:\/\/bc-gandersheim.de\/index.php?rest_route=\/wp\/v2\/pages"}],"about":[{"href":"https:\/\/bc-gandersheim.de\/index.php?rest_route=\/wp\/v2\/types\/page"}],"author":[{"embeddable":true,"href":"https:\/\/bc-gandersheim.de\/index.php?rest_route=\/wp\/v2\/users\/2"}],"replies":[{"embeddable":true,"href":"https:\/\/bc-gandersheim.de\/index.php?rest_route=%2Fwp%2Fv2%2Fcomments&post=107"}],"version-history":[{"count":151,"href":"https:\/\/bc-gandersheim.de\/index.php?rest_route=\/wp\/v2\/pages\/107\/revisions"}],"predecessor-version":[{"id":1206,"href":"https:\/\/bc-gandersheim.de\/index.php?rest_route=\/wp\/v2\/pages\/107\/revisions\/1206"}],"wp:attachment":[{"href":"https:\/\/bc-gandersheim.de\/index.php?rest_route=%2Fwp%2Fv2%2Fmedia&parent=107"}],"curies":[{"name":"wp","href":"https:\/\/api.w.org\/{rel}","templated":true}]}}