{"id":2,"date":"2020-05-10T16:04:59","date_gmt":"2020-05-10T14:04:59","guid":{"rendered":"https:\/\/bc-gandersheim.de\/?page_id=2"},"modified":"2020-06-13T17:12:17","modified_gmt":"2020-06-13T15:12:17","slug":"ausbildung","status":"publish","type":"page","link":"https:\/\/bc-gandersheim.de\/?page_id=2","title":{"rendered":"Ausbildung"},"content":{"rendered":"\n<p>Die notwendige einsatzbezogene Fortbildung kann zum Beispiel an der Brand\u00fcbungsanlage in Bad Gandersheim erfolgen. Der Landkreis Northeim unterst\u00fctzt diese Fortbildung durch die Bereitstellung einer gasbetriebenen Brand\u00fcbungsanlage (B\u00fcA).<\/p>\n\n\n\n<p>Die Ausbildung sollte in zwei Bereiche unterteilt werden:<\/p>\n\n\n\n<p>a) Vorbereitung auf die Fortbildung in der Brand\u00fcbungsanlage                  (Durchf\u00fchrung auf Standortebene)<\/p>\n\n\n\n<p>Die Themenschwerpunkte sollten hierbei liegen auf<\/p>\n\n\n\n<ul class=\"wp-block-list\"><li>Hohlstrahlrohrtraining<\/li><li>T\u00fcr\u00f6ffnungsprozedur (Kalt \/ Warm)<\/li><li>Verhalten bei einer Rauchgasdurchz\u00fcndung<\/li><\/ul>\n\n\n\n<p>b) Fortbildung in der Brand\u00fcbungsanlage<\/p>\n\n\n\n<p>Die Erfahrungen aus dem langj\u00e4hrigen Ausbildungsbetrieb zeigen, dass die Teilnehmer mit sehr unterschiedlichen Vorkenntnissen und Erfahrungen im Atemschutzeinsatz zu uns kommen. Was f\u00fcr manche Teilnehmer selbstverst\u00e4ndlich ist, kennen andere Teilnehmer nicht oder k\u00f6nnen dieses nicht mehr abrufen. Im Rahmen unserer Ausbildung wollen wir alle Wissensst\u00e4nde ausbauen und dazu beitragen sich weiterzuentwickeln. <\/p>\n\n\n\n<p>Um m\u00f6glichst gleiche Voraussetzungen f\u00fcr die Teilnehmer zu schaffen, muss vor dem Besuch der Brand\u00fcbungsanlage, eine Ausbildung am Hohlstrahlrohr, in den Standorten erfolgen. Diese soll sowohl Wissen vermitteln als auch die erforderlichen Fertigkeiten vertiefen. Die Standortausbildung ist ein unverzichtbarer Teil vor der Ausbildung in der Brand\u00fcbungsanlage. Diese Fortbildung kann auch an der FTZ Bad Gandersheim stattfinden, ggf. bitte hierzu gesondert anfragen.<\/p>\n\n\n\n<ul class=\"wp-block-list\"><li>Die Vorbereitung sollte nicht l\u00e4nger als 6 Monate vor dem geplanten Termin in der B\u00fcA liegen;<\/li><li>Die Vorbereitung sollte wenn m\u00f6glich von Kreis Atemschutzausbildern (oder vergleichbarer Qualifikation) durchgef\u00fchrt werden;<\/li><li>Nur die abgeschlossene Durchf\u00fchrung der Vorbereitung berechtigt zur Teilnahme an der Brand\u00fcbungsanlage. Dies ist zum Wohle des Teilnehmers eine unverzichtbare Forderung. Die Ausbildung an der B\u00fcA soll den Ausbildungsstand der Kameraden f\u00f6rdern und somit zu einem sicheren Vorgehen im Innenangriff beitragen;<\/li><\/ul>\n\n\n\n<p>Die Fortbildung in der B\u00fcA kann auf die nach FwDV 7 j\u00e4hrlich vorgeschriebene Einsatz\u00fcbung innerhalb einer taktischen Einheit angerechnet und pers\u00f6nlich nachgewiesen werden.<\/p>\n\n\n\n<p>Ausbildungsunterlagen:<\/p>\n\n\n\n<p>Auf der Seite <a rel=\"noreferrer noopener\" href=\"https:\/\/www.atemschutzunfaelle.eu\" target=\"_blank\">https:\/\/www.atemschutzunfaelle.eu<\/a> finden sich viele Ausbildungsinformationen und Beispiele.<\/p>\n","protected":false},"excerpt":{"rendered":"<p>Die notwendige einsatzbezogene Fortbildung kann zum Beispiel an der Brand\u00fcbungsanlage in Bad Gandersheim erfolgen. Der Landkreis Northeim unterst\u00fctzt diese Fortbildung durch die Bereitstellung einer gasbetriebenen Brand\u00fcbungsanlage (B\u00fcA). Die Ausbildung sollte in zwei Bereiche unterteilt werden: a) Vorbereitung auf die Fortbildung in der Brand\u00fcbungsanlage (Durchf\u00fchrung auf Standortebene) Die Themenschwerpunkte sollten hierbei liegen auf Hohlstrahlrohrtraining T\u00fcr\u00f6ffnungsprozedur (Kalt [&hellip;]<\/p>\n","protected":false},"author":1,"featured_media":0,"parent":318,"menu_order":0,"comment_status":"closed","ping_status":"closed","template":"","meta":{"footnotes":""},"class_list":["post-2","page","type-page","status-publish","hentry"],"_links":{"self":[{"href":"https:\/\/bc-gandersheim.de\/index.php?rest_route=\/wp\/v2\/pages\/2","targetHints":{"allow":["GET"]}}],"collection":[{"href":"https:\/\/bc-gandersheim.de\/index.php?rest_route=\/wp\/v2\/pages"}],"about":[{"href":"https:\/\/bc-gandersheim.de\/index.php?rest_route=\/wp\/v2\/types\/page"}],"author":[{"embeddable":true,"href":"https:\/\/bc-gandersheim.de\/index.php?rest_route=\/wp\/v2\/users\/1"}],"replies":[{"embeddable":true,"href":"https:\/\/bc-gandersheim.de\/index.php?rest_route=%2Fwp%2Fv2%2Fcomments&post=2"}],"version-history":[{"count":0,"href":"https:\/\/bc-gandersheim.de\/index.php?rest_route=\/wp\/v2\/pages\/2\/revisions"}],"up":[{"embeddable":true,"href":"https:\/\/bc-gandersheim.de\/index.php?rest_route=\/wp\/v2\/pages\/318"}],"wp:attachment":[{"href":"https:\/\/bc-gandersheim.de\/index.php?rest_route=%2Fwp%2Fv2%2Fmedia&parent=2"}],"curies":[{"name":"wp","href":"https:\/\/api.w.org\/{rel}","templated":true}]}}