{"id":8,"date":"2020-05-11T13:28:40","date_gmt":"2020-05-11T11:28:40","guid":{"rendered":"https:\/\/bc-gandersheim.de\/?page_id=8"},"modified":"2020-11-22T11:35:03","modified_gmt":"2020-11-22T10:35:03","slug":"branduebungsanlage","status":"publish","type":"page","link":"https:\/\/bc-gandersheim.de\/?page_id=8","title":{"rendered":"Brand\u00fcbungsanlage"},"content":{"rendered":"\n<p class=\"has-text-align-center has-accent-color has-text-color\" style=\"font-size:60px\"><strong>Bad Gandersheim<\/strong><\/p>\n\n\n\n<figure class=\"wp-block-image size-large\"><img loading=\"lazy\" decoding=\"async\" width=\"1024\" height=\"768\" src=\"https:\/\/bc-gandersheim.de\/wp-content\/uploads\/2020\/05\/01-1024x768.jpg\" alt=\"\" class=\"wp-image-9\" srcset=\"https:\/\/bc-gandersheim.de\/wp-content\/uploads\/2020\/05\/01-1024x768.jpg 1024w, https:\/\/bc-gandersheim.de\/wp-content\/uploads\/2020\/05\/01-300x225.jpg 300w, https:\/\/bc-gandersheim.de\/wp-content\/uploads\/2020\/05\/01-768x576.jpg 768w, https:\/\/bc-gandersheim.de\/wp-content\/uploads\/2020\/05\/01-1200x900.jpg 1200w, https:\/\/bc-gandersheim.de\/wp-content\/uploads\/2020\/05\/01.jpg 1280w\" sizes=\"auto, (max-width: 1024px) 100vw, 1024px\" \/><\/figure>\n\n\n\n<p><strong>Technik:<\/strong><\/p>\n\n\n\n<figure class=\"wp-block-image size-large\"><img loading=\"lazy\" decoding=\"async\" width=\"768\" height=\"1024\" src=\"https:\/\/bc-gandersheim.de\/wp-content\/uploads\/2020\/06\/Technik1-768x1024.jpg\" alt=\"\" class=\"wp-image-347\" srcset=\"https:\/\/bc-gandersheim.de\/wp-content\/uploads\/2020\/06\/Technik1-768x1024.jpg 768w, https:\/\/bc-gandersheim.de\/wp-content\/uploads\/2020\/06\/Technik1-225x300.jpg 225w, https:\/\/bc-gandersheim.de\/wp-content\/uploads\/2020\/06\/Technik1.jpg 960w\" sizes=\"auto, (max-width: 768px) 100vw, 768px\" \/><figcaption>Die Hotdoor ist elektrisch beheizbar und zeigt den Einsatzkr\u00e4ften einen typischen W\u00e4rmeverlauf.<\/figcaption><\/figure>\n\n\n\n<figure class=\"wp-block-image size-large\"><img loading=\"lazy\" decoding=\"async\" width=\"800\" height=\"600\" src=\"https:\/\/bc-gandersheim.de\/wp-content\/uploads\/2020\/06\/02.jpg\" alt=\"\" class=\"wp-image-348\" srcset=\"https:\/\/bc-gandersheim.de\/wp-content\/uploads\/2020\/06\/02.jpg 800w, https:\/\/bc-gandersheim.de\/wp-content\/uploads\/2020\/06\/02-300x225.jpg 300w, https:\/\/bc-gandersheim.de\/wp-content\/uploads\/2020\/06\/02-768x576.jpg 768w\" sizes=\"auto, (max-width: 800px) 100vw, 800px\" \/><figcaption>Die Luftzufuhr zur Anlage wird durch einen Hochleistungsl\u00fcfter sicher gestellt.<\/figcaption><\/figure>\n\n\n\n<figure class=\"wp-block-image size-large\"><img loading=\"lazy\" decoding=\"async\" width=\"1024\" height=\"729\" src=\"https:\/\/bc-gandersheim.de\/wp-content\/uploads\/2020\/11\/Bedienstand-1-1024x729.jpeg\" alt=\"\" class=\"wp-image-469\" srcset=\"https:\/\/bc-gandersheim.de\/wp-content\/uploads\/2020\/11\/Bedienstand-1-1024x729.jpeg 1024w, https:\/\/bc-gandersheim.de\/wp-content\/uploads\/2020\/11\/Bedienstand-1-300x213.jpeg 300w, https:\/\/bc-gandersheim.de\/wp-content\/uploads\/2020\/11\/Bedienstand-1-768x546.jpeg 768w, https:\/\/bc-gandersheim.de\/wp-content\/uploads\/2020\/11\/Bedienstand-1-1536x1093.jpeg 1536w, https:\/\/bc-gandersheim.de\/wp-content\/uploads\/2020\/11\/Bedienstand-1-2048x1457.jpeg 2048w, https:\/\/bc-gandersheim.de\/wp-content\/uploads\/2020\/11\/Bedienstand-1-1200x854.jpeg 1200w, https:\/\/bc-gandersheim.de\/wp-content\/uploads\/2020\/11\/Bedienstand-1-1980x1409.jpeg 1980w\" sizes=\"auto, (max-width: 1024px) 100vw, 1024px\" \/><figcaption>Steuerstand, das Steuerpult der gesamten Anlage ist im Steuerraum untergebracht.<\/figcaption><\/figure>\n\n\n\n<figure class=\"wp-block-image size-large\"><img loading=\"lazy\" decoding=\"async\" width=\"1024\" height=\"768\" src=\"https:\/\/bc-gandersheim.de\/wp-content\/uploads\/2020\/06\/Technik2-1024x768.jpg\" alt=\"\" class=\"wp-image-352\" srcset=\"https:\/\/bc-gandersheim.de\/wp-content\/uploads\/2020\/06\/Technik2-1024x768.jpg 1024w, https:\/\/bc-gandersheim.de\/wp-content\/uploads\/2020\/06\/Technik2-300x225.jpg 300w, https:\/\/bc-gandersheim.de\/wp-content\/uploads\/2020\/06\/Technik2-768x576.jpg 768w, https:\/\/bc-gandersheim.de\/wp-content\/uploads\/2020\/06\/Technik2-1200x900.jpg 1200w, https:\/\/bc-gandersheim.de\/wp-content\/uploads\/2020\/06\/Technik2.jpg 1280w\" sizes=\"auto, (max-width: 1024px) 100vw, 1024px\" \/><figcaption>Starke Entl\u00fcftung \u00fcbersteigt die Temperatur hier 100\u00b0 C, wird eine zus\u00e4tzliche Entl\u00fcftung automatisch eingeschaltet, um diese Temperatur zu senken. Erreicht die Temperatur dennoch kritische Werte (ca. 160\u00b0C), werden alle Brandstellen automatisch abgeschaltet und weiterhin massiv Frischluft zugef\u00fchrt. Hier kommt ein L\u00fcfter mit gro\u00dfem Luftdurchsatz zum Einsatz. Dieser ist an der R\u00fcckseite von Raum 1 angebracht.&nbsp;&nbsp;&nbsp;<\/figcaption><\/figure>\n\n\n\n<figure class=\"wp-block-image size-large\"><img loading=\"lazy\" decoding=\"async\" width=\"800\" height=\"600\" src=\"https:\/\/bc-gandersheim.de\/wp-content\/uploads\/2020\/06\/07.jpg\" alt=\"\" class=\"wp-image-354\" srcset=\"https:\/\/bc-gandersheim.de\/wp-content\/uploads\/2020\/06\/07.jpg 800w, https:\/\/bc-gandersheim.de\/wp-content\/uploads\/2020\/06\/07-300x225.jpg 300w, https:\/\/bc-gandersheim.de\/wp-content\/uploads\/2020\/06\/07-768x576.jpg 768w\" sizes=\"auto, (max-width: 800px) 100vw, 800px\" \/><figcaption>Die Brandstelle wird ausschlie\u00dflich mit gasf\u00f6rmigem Propangas betrieben. Es k\u00f6nnen die Brandklassen A, B und C dargestellt werden. Durch aufsetzen von Objekten kann auch z.B. ein Papierkorbbrand simuliert werden.<\/figcaption><\/figure>\n\n\n\n<figure class=\"wp-block-image size-large\"><img loading=\"lazy\" decoding=\"async\" width=\"800\" height=\"600\" src=\"https:\/\/bc-gandersheim.de\/wp-content\/uploads\/2020\/06\/05.jpg\" alt=\"\" class=\"wp-image-353\" srcset=\"https:\/\/bc-gandersheim.de\/wp-content\/uploads\/2020\/06\/05.jpg 800w, https:\/\/bc-gandersheim.de\/wp-content\/uploads\/2020\/06\/05-300x225.jpg 300w, https:\/\/bc-gandersheim.de\/wp-content\/uploads\/2020\/06\/05-768x576.jpg 768w\" sizes=\"auto, (max-width: 800px) 100vw, 800px\" \/><figcaption>Die Rauchgasdurchz\u00fcndung wird durch ein Ger\u00e4t erzeugt, welches au\u00dferhalb des Containers 2 angebracht ist.<\/figcaption><\/figure>\n","protected":false},"excerpt":{"rendered":"<p>Bad Gandersheim Technik:<\/p>\n","protected":false},"author":4,"featured_media":0,"parent":0,"menu_order":0,"comment_status":"closed","ping_status":"closed","template":"","meta":{"footnotes":""},"class_list":["post-8","page","type-page","status-publish","hentry"],"_links":{"self":[{"href":"https:\/\/bc-gandersheim.de\/index.php?rest_route=\/wp\/v2\/pages\/8","targetHints":{"allow":["GET"]}}],"collection":[{"href":"https:\/\/bc-gandersheim.de\/index.php?rest_route=\/wp\/v2\/pages"}],"about":[{"href":"https:\/\/bc-gandersheim.de\/index.php?rest_route=\/wp\/v2\/types\/page"}],"author":[{"embeddable":true,"href":"https:\/\/bc-gandersheim.de\/index.php?rest_route=\/wp\/v2\/users\/4"}],"replies":[{"embeddable":true,"href":"https:\/\/bc-gandersheim.de\/index.php?rest_route=%2Fwp%2Fv2%2Fcomments&post=8"}],"version-history":[{"count":2,"href":"https:\/\/bc-gandersheim.de\/index.php?rest_route=\/wp\/v2\/pages\/8\/revisions"}],"predecessor-version":[{"id":470,"href":"https:\/\/bc-gandersheim.de\/index.php?rest_route=\/wp\/v2\/pages\/8\/revisions\/470"}],"wp:attachment":[{"href":"https:\/\/bc-gandersheim.de\/index.php?rest_route=%2Fwp%2Fv2%2Fmedia&parent=8"}],"curies":[{"name":"wp","href":"https:\/\/api.w.org\/{rel}","templated":true}]}}