{"id":85,"date":"2020-06-01T14:58:19","date_gmt":"2020-06-01T12:58:19","guid":{"rendered":"https:\/\/bc-gandersheim.de\/?page_id=85"},"modified":"2020-06-13T17:03:16","modified_gmt":"2020-06-13T15:03:16","slug":"brandbekaempfung","status":"publish","type":"page","link":"https:\/\/bc-gandersheim.de\/?page_id=85","title":{"rendered":"Modul 1: Brandbek\u00e4mpfung"},"content":{"rendered":"\n<div class=\"wp-block-group\"><div class=\"wp-block-group__inner-container is-layout-flow wp-block-group-is-layout-flow\">\n<p class=\"has-large-font-size\"><u><span style=\"color:#fb2b2b\" class=\"has-inline-color\"><strong>Voraussetzung f\u00fcr Te<\/strong><\/span><strong><span style=\"color:#fb2b2b\" class=\"has-inline-color\">ilnehm<\/span><\/strong><span style=\"color:#fb2b2b\" class=\"has-inline-color\"><strong>er:<\/strong><\/span><\/u><\/p>\n\n\n\n<ul class=\"wp-block-list\"><li><strong>Nachgewiesene Atemschutztauglichkeit (G26.3)<\/strong><\/li><li><strong>K\u00f6rperlich und Seelisch in guter Verfassung<\/strong><\/li><li><strong>Pers\u00f6nliche Schutzkleidung<\/strong><\/li><li><strong><span style=\"color:#fb2b2b\" class=\"has-inline-color\">Vorausbildung (Hohlstrahlrohrtraining) <\/span><\/strong><\/li><\/ul>\n\n\n\n<p class=\"has-large-font-size\"><strong><u>Einleitung:<\/u><\/strong><\/p>\n\n\n\n<div class=\"wp-block-group\"><div class=\"wp-block-group__inner-container is-layout-flow wp-block-group-is-layout-flow\">\n<div class=\"wp-block-group\"><div class=\"wp-block-group__inner-container is-layout-flow wp-block-group-is-layout-flow\">\n<div class=\"wp-block-group\"><div class=\"wp-block-group__inner-container is-layout-flow wp-block-group-is-layout-flow\">\n<div class=\"wp-block-group\"><div class=\"wp-block-group__inner-container is-layout-flow wp-block-group-is-layout-flow\">\n<p><strong>Das Modul 1 bildet den Grundstock f\u00fcr alle weiteren Module.                      Die Grundlage von der Theorie, wird in die Praxis umgesetzt.                       Die Ausbildungsgrundlage ist die FwDV 7.      <\/strong>      <\/p>\n<\/div><\/div>\n<\/div><\/div>\n\n\n\n<p><strong>Ziel dieser Ausbildungseinheit ist es, eine Brandbek\u00e4mpfung unter \u201eNullsicht \u2018\u2018 und unter thermischer Belastung, bei einem simulierten Zimmerbrand durchzuf\u00fchren.<\/strong><\/p>\n\n\n\n<p><strong>Hier wird von den &nbsp;Teilnehmern das Vorgehen im Brandraum, das korrekte Einsetzen des L\u00f6schmittels und der Umgang mit dem Hohlstrahlrohr beurteilt und verbessert.<\/strong><\/p>\n<\/div><\/div>\n\n\n\n<p class=\"has-text-align-center\"><strong><span style=\"color:#fb2b2b\" class=\"has-inline-color\">Eigenes Material wie z.B. Hohlstrahlrohr, Feuerwehraxt, etc., <\/span><\/strong> <strong><span style=\"color:#fb2b2b\" class=\"has-inline-color\">d\u00fcrfen nat\u00fcrlich eingesetzt werden.<\/span><\/strong><\/p>\n\n\n\n<p class=\"has-text-align-center\"><strong>Die Teilnehmer werden unter Aufsicht an ihre k\u00f6rperlichen  Grenzen gef\u00fchrt.<\/strong><\/p>\n<\/div><\/div>\n\n\n\n<p class=\"has-large-font-size\"><strong><u>Praktisch Aufgaben:<\/u><\/strong><\/p>\n\n\n\n<ul class=\"wp-block-list\"><li><strong>W\u00e4rmegew\u00f6hnung<\/strong><\/li><li><strong>T\u00fcr\u00f6ffnungsprozedur<\/strong><\/li><li><strong>Fortbewegen im Brandraum<\/strong><\/li><li><strong>Brandbek\u00e4mpfung mit dem Hohlstrahlrohr<\/strong><\/li><\/ul>\n\n\n\n<p class=\"has-text-align-center\"><strong><span style=\"color:#fb2b2b\" class=\"has-inline-color\">Bitte teilen sie uns den Ausbildungsstand der Teilnehmer bei der Anmeldung mit, damit wir die Ausbildung optimal vorbereiten k\u00f6nnen!<\/span><\/strong><\/p>\n\n\n\n<p class=\"has-text-align-center\"><strong>In einem 2-Stunden-Modul k\u00f6nnen maximal 8 Teilnehmer ausgebildet werden.<\/strong><\/p>\n\n\n\n<div class=\"wp-block-group\"><div class=\"wp-block-group__inner-container is-layout-flow wp-block-group-is-layout-flow\">\n<p style=\"font-size:20px\" class=\"has-text-align-center\"><strong><span style=\"color:#f5090c\" class=\"has-inline-color\">F\u00fcr Sch\u00e4den an der pers\u00f6nlichen Ausr\u00fcstung wird keine Haftung \u00fcbernommen.<\/span><\/strong><\/p>\n<\/div><\/div>\n<\/div><\/div>\n\n\n\n<p><\/p>\n","protected":false},"excerpt":{"rendered":"<p>Voraussetzung f\u00fcr Teilnehmer: Nachgewiesene Atemschutztauglichkeit (G26.3) K\u00f6rperlich und Seelisch in guter Verfassung Pers\u00f6nliche Schutzkleidung Vorausbildung (Hohlstrahlrohrtraining) Einleitung: Das Modul 1 bildet den Grundstock f\u00fcr alle weiteren Module. Die Grundlage von der Theorie, wird in die Praxis umgesetzt. Die Ausbildungsgrundlage ist die FwDV 7. Ziel dieser Ausbildungseinheit ist es, eine Brandbek\u00e4mpfung unter \u201eNullsicht \u2018\u2018 und unter [&hellip;]<\/p>\n","protected":false},"author":4,"featured_media":0,"parent":320,"menu_order":0,"comment_status":"closed","ping_status":"closed","template":"","meta":{"footnotes":""},"class_list":["post-85","page","type-page","status-publish","hentry"],"_links":{"self":[{"href":"https:\/\/bc-gandersheim.de\/index.php?rest_route=\/wp\/v2\/pages\/85","targetHints":{"allow":["GET"]}}],"collection":[{"href":"https:\/\/bc-gandersheim.de\/index.php?rest_route=\/wp\/v2\/pages"}],"about":[{"href":"https:\/\/bc-gandersheim.de\/index.php?rest_route=\/wp\/v2\/types\/page"}],"author":[{"embeddable":true,"href":"https:\/\/bc-gandersheim.de\/index.php?rest_route=\/wp\/v2\/users\/4"}],"replies":[{"embeddable":true,"href":"https:\/\/bc-gandersheim.de\/index.php?rest_route=%2Fwp%2Fv2%2Fcomments&post=85"}],"version-history":[{"count":0,"href":"https:\/\/bc-gandersheim.de\/index.php?rest_route=\/wp\/v2\/pages\/85\/revisions"}],"up":[{"embeddable":true,"href":"https:\/\/bc-gandersheim.de\/index.php?rest_route=\/wp\/v2\/pages\/320"}],"wp:attachment":[{"href":"https:\/\/bc-gandersheim.de\/index.php?rest_route=%2Fwp%2Fv2%2Fmedia&parent=85"}],"curies":[{"name":"wp","href":"https:\/\/api.w.org\/{rel}","templated":true}]}}