{"id":89,"date":"2020-06-01T15:03:53","date_gmt":"2020-06-01T13:03:53","guid":{"rendered":"https:\/\/bc-gandersheim.de\/?page_id=89"},"modified":"2020-06-13T15:07:00","modified_gmt":"2020-06-13T13:07:00","slug":"kameradenrettung","status":"publish","type":"page","link":"https:\/\/bc-gandersheim.de\/?page_id=89","title":{"rendered":"Modul 3: Kameradenrettung"},"content":{"rendered":"\n<p class=\"has-large-font-size\"><strong><u><span style=\"color:#fb2b2b\" class=\"has-inline-color\">Voraussetzung f\u00fcr Teilnehmer:<\/span><\/u><\/strong><\/p>\n\n\n\n<ul class=\"wp-block-list\"><li><strong>Nachgewiesene Atemschutztauglichkeit (G26.3)<\/strong><\/li><li><strong>K\u00f6rperlich und Seelisch in guter Verfassung<\/strong><\/li><li><strong>Pers\u00f6nliche Schutzkleidung<\/strong><\/li><li><strong>Sicherer Umgang mit dem Hohlstrahlrohr<\/strong><\/li><li><strong>Teilnahme am Modul 1 in der B\u00fcA der FTZ Bad Gandersheim<\/strong><\/li><\/ul>\n\n\n\n<p class=\"has-large-font-size\"><strong><u>Einleitung:<\/u><\/strong><\/p>\n\n\n\n<p><strong>Das Modul 3 baut auf die Module 1 &amp; 2 auf. Der Trupp geht als Sicherheitstrupp und dem Auftrag Menschenrettung in das Geb\u00e4ude vor. Ge\u00fcbt werden kann, wie z.B. am Standort praktiziert, in einem Dreier Rettungstrupp.                                                                                          Die Ausbildungsgrundlage ist die FwDV 7.<\/strong><\/p>\n\n\n\n<p><strong>Ziel dieser Ausbildungseinheit ist es, den Ablauf bei einer Kameradenrettung unter \u201eNullsicht \u2018\u2018 und bei thermischer Belastung, als Sicherheitstrupp bei einem simulierten Geb\u00e4udebrand durchzuf\u00fchren.<\/strong><\/p>\n\n\n\n<p><strong>Die Teilnehmer stellen den Sicherheitstrupp bei einem simulierten Geb\u00e4udebrand. Eine simulierte MayDay- Meldung wird in den R\u00e4umlichkeiten der B\u00fcA abgearbeitet.<\/strong><\/p>\n\n\n\n<p><strong>Hier wird von den &nbsp;Teilnehmern das Vorgehen im Brandraum, der Umgang mit dem Hohlstrahlrohr, das Auffinden \/ Retten von Kameraden bei einer simulierten MayDay- Meldung in einer Brandwohnung beurteilt und verbessert.<\/strong><\/p>\n\n\n\n<p class=\"has-text-align-center\"><strong><span style=\"color:#fb2b2b\" class=\"has-inline-color\">Das Modul 3 ist f\u00fcr fortgeschrittene Atemschutzger\u00e4tetr\u00e4ger.<\/span><\/strong><\/p>\n\n\n\n<p class=\"has-text-align-center\"><strong><span style=\"color:#fb2b2b\" class=\"has-inline-color\">Eigenes Material wie z.B. Hohlstrahlrohr, Feuerwehraxt, etc., d\u00fcrfen nat\u00fcrlich eingesetzt werden.<\/span><\/strong><\/p>\n\n\n\n<p class=\"has-text-align-center\"><strong>Die Teilnehmer werden unter Aufsicht &nbsp;an ihre k\u00f6rperlichen Grenzen gef\u00fchrt.<\/strong><\/p>\n\n\n\n<p class=\"has-large-font-size\"><strong><u>Praktisch Aufgaben:<\/u><\/strong><\/p>\n\n\n\n<ul class=\"wp-block-list\"><li><strong>Ausr\u00fcsten des Rettungstrupps<\/strong><\/li><li><strong>Fortbewegung im Brandraum<\/strong><\/li><li><strong>Absetzen der MAYDAY Meldung<\/strong><\/li><li><strong>Auffinden des Verungl\u00fcckten und Rettung<\/strong><\/li><li><strong>Verhalten bei Notf\u00e4llen generell<\/strong><\/li><li><strong>Ab wann ist es ein Atemschutzunfall<\/strong><\/li><\/ul>\n\n\n\n<p class=\"has-text-align-center\"><strong>In einem 2-Stunden-Modul k\u00f6nnen maximal 8 Teilnehmer ausgebildet werden.<\/strong><\/p>\n\n\n\n<p class=\"has-text-align-center\"><strong><span style=\"color:#fb2b2b\" class=\"has-inline-color\">Bitte teilen sie uns den Ausbildungsstand der Teilnehmer bei der Anmeldung mit, damit wir die Ausbildung optimal vorbereiten k\u00f6nnen.<\/span><\/strong><\/p>\n\n\n\n<p class=\"has-text-align-center has-small-font-size\">F\u00fcr Sch\u00e4den an der Pers\u00f6nlichen Ausr\u00fcstung wird keine Haftung \u00fcbernommen.<\/p>\n","protected":false},"excerpt":{"rendered":"<p>Voraussetzung f\u00fcr Teilnehmer: Nachgewiesene Atemschutztauglichkeit (G26.3) K\u00f6rperlich und Seelisch in guter Verfassung Pers\u00f6nliche Schutzkleidung Sicherer Umgang mit dem Hohlstrahlrohr Teilnahme am Modul 1 in der B\u00fcA der FTZ Bad Gandersheim Einleitung: Das Modul 3 baut auf die Module 1 &amp; 2 auf. Der Trupp geht als Sicherheitstrupp und dem Auftrag Menschenrettung in das Geb\u00e4ude vor. [&hellip;]<\/p>\n","protected":false},"author":4,"featured_media":0,"parent":320,"menu_order":2,"comment_status":"closed","ping_status":"closed","template":"","meta":{"footnotes":""},"class_list":["post-89","page","type-page","status-publish","hentry"],"_links":{"self":[{"href":"https:\/\/bc-gandersheim.de\/index.php?rest_route=\/wp\/v2\/pages\/89","targetHints":{"allow":["GET"]}}],"collection":[{"href":"https:\/\/bc-gandersheim.de\/index.php?rest_route=\/wp\/v2\/pages"}],"about":[{"href":"https:\/\/bc-gandersheim.de\/index.php?rest_route=\/wp\/v2\/types\/page"}],"author":[{"embeddable":true,"href":"https:\/\/bc-gandersheim.de\/index.php?rest_route=\/wp\/v2\/users\/4"}],"replies":[{"embeddable":true,"href":"https:\/\/bc-gandersheim.de\/index.php?rest_route=%2Fwp%2Fv2%2Fcomments&post=89"}],"version-history":[{"count":0,"href":"https:\/\/bc-gandersheim.de\/index.php?rest_route=\/wp\/v2\/pages\/89\/revisions"}],"up":[{"embeddable":true,"href":"https:\/\/bc-gandersheim.de\/index.php?rest_route=\/wp\/v2\/pages\/320"}],"wp:attachment":[{"href":"https:\/\/bc-gandersheim.de\/index.php?rest_route=%2Fwp%2Fv2%2Fmedia&parent=89"}],"curies":[{"name":"wp","href":"https:\/\/api.w.org\/{rel}","templated":true}]}}